{"id":406,"date":"2025-10-14T07:13:51","date_gmt":"2025-10-14T07:13:51","guid":{"rendered":"https:\/\/montycasinos.com\/fr-ca\/?page_id=406"},"modified":"2026-02-11T09:53:41","modified_gmt":"2026-02-11T09:53:41","slug":"sitemap","status":"publish","type":"page","link":"https:\/\/montycasinos.com\/fr-ca\/sitemap\/","title":{"rendered":"Sitemap"},"content":{"rendered":"\n<h1 class=\"wp-block-heading\">Sitemap<\/h1>\n\n\n<ul class=\"wp-block-page-list\"><li class=\"wp-block-pages-list__item\"><a class=\"wp-block-pages-list__item__link\" href=\"https:\/\/montycasinos.com\/fr-ca\/retrait-rapide\/\">Avec retrait rapide<\/a><\/li><li class=\"wp-block-pages-list__item has-child\"><a class=\"wp-block-pages-list__item__link\" href=\"https:\/\/montycasinos.com\/fr-ca\/depot-minimum\/\">Casino \u00e0 d\u00e9p\u00f4t minimum<\/a><ul class=\"wp-block-navigation__submenu-container\"><li class=\"wp-block-pages-list__item \"><a class=\"wp-block-pages-list__item__link\" href=\"https:\/\/montycasinos.com\/fr-ca\/depot-minimum\/1-dollar\/\">D\u00e9p\u00f4t 1 $<\/a><\/li><\/ul><\/li><li class=\"wp-block-pages-list__item\"><a class=\"wp-block-pages-list__item__link\" href=\"https:\/\/montycasinos.com\/fr-ca\/casino-en-ligne-le-plus-payant\/\">Casino en ligne le plus payant<\/a><\/li><li class=\"wp-block-pages-list__item\"><a class=\"wp-block-pages-list__item__link\" href=\"https:\/\/montycasinos.com\/fr-ca\/casino-sans-verification\/\">Casino en ligne sans verification<\/a><\/li><li class=\"wp-block-pages-list__item menu-item-home\"><a class=\"wp-block-pages-list__item__link\" href=\"https:\/\/montycasinos.com\/fr-ca\/\">Online Casino Canada<\/a><\/li><li class=\"wp-block-pages-list__item\"><a class=\"wp-block-pages-list__item__link\" href=\"https:\/\/montycasinos.com\/fr-ca\/paypal\/\">PayPal<\/a><\/li><li class=\"wp-block-pages-list__item\"><a class=\"wp-block-pages-list__item__link\" href=\"https:\/\/montycasinos.com\/fr-ca\/sitemap\/\">Sitemap<\/a><\/li><\/ul>","protected":false},"excerpt":{"rendered":"<p>Sitemap<\/p>\n","protected":false},"author":1,"featured_media":0,"parent":0,"menu_order":0,"comment_status":"closed","ping_status":"closed","template":"page-without-title.php","meta":{"footnotes":""},"class_list":["post-406","page","type-page","status-publish","hentry"],"yoast_head":"<!-- This site is optimized with the Yoast SEO plugin v23.1 - https:\/\/yoast.com\/wordpress\/plugins\/seo\/ -->\n<title>Sitemap - FR-CA<\/title>\n<meta name=\"robots\" content=\"index, follow, max-snippet:-1, max-image-preview:large, max-video-preview:-1\" \/>\n<link rel=\"canonical\" href=\"https:\/\/montycasinos.com\/fr-ca\/sitemap\/\" \/>\n<meta property=\"og:type\" content=\"article\" \/>\n<meta property=\"og:title\" content=\"Sitemap - FR-CA\" \/>\n<meta property=\"og:description\" content=\"Sitemap\" \/>\n<meta property=\"og:url\" content=\"https:\/\/montycasinos.com\/fr-ca\/sitemap\/\" \/>\n<meta property=\"og:site_name\" content=\"FR-CA\" \/>\n<meta property=\"article:modified_time\" content=\"2026-02-11T09:53:41+00:00\" \/>\n<meta name=\"twitter:card\" content=\"summary_large_image\" \/>\n<meta name=\"twitter:label1\" content=\"Est. reading time\" \/>\n\t<meta name=\"twitter:data1\" content=\"1 minute\" \/>\n<script type=\"application\/ld+json\" class=\"yoast-schema-graph\">{\"@context\":\"https:\/\/schema.org\",\"@graph\":[{\"@type\":\"WebPage\",\"@id\":\"https:\/\/montycasinos.com\/fr-ca\/sitemap\/\",\"url\":\"https:\/\/montycasinos.com\/fr-ca\/sitemap\/\",\"name\":\"Sitemap - FR-CA\",\"isPartOf\":{\"@id\":\"https:\/\/montycasinos.com\/fr-ca\/#website\"},\"datePublished\":\"2025-10-14T07:13:51+00:00\",\"dateModified\":\"2026-02-11T09:53:41+00:00\",\"breadcrumb\":{\"@id\":\"https:\/\/montycasinos.com\/fr-ca\/sitemap\/#breadcrumb\"},\"inLanguage\":\"fr-CA\",\"potentialAction\":[{\"@type\":\"ReadAction\",\"target\":[\"https:\/\/montycasinos.com\/fr-ca\/sitemap\/\"]}]},{\"@type\":\"BreadcrumbList\",\"@id\":\"https:\/\/montycasinos.com\/fr-ca\/sitemap\/#breadcrumb\",\"itemListElement\":[{\"@type\":\"ListItem\",\"position\":1,\"name\":\"Home\",\"item\":\"https:\/\/montycasinos.com\/fr-ca\/\"},{\"@type\":\"ListItem\",\"position\":2,\"name\":\"Sitemap\"}]},{\"@type\":\"WebSite\",\"@id\":\"https:\/\/montycasinos.com\/fr-ca\/#website\",\"url\":\"https:\/\/montycasinos.com\/fr-ca\/\",\"name\":\"FR-CA\",\"description\":\"\",\"publisher\":{\"@id\":\"https:\/\/montycasinos.com\/fr-ca\/#organization\"},\"potentialAction\":[{\"@type\":\"SearchAction\",\"target\":{\"@type\":\"EntryPoint\",\"urlTemplate\":\"https:\/\/montycasinos.com\/fr-ca\/?s={search_term_string}\"},\"query-input\":\"required name=search_term_string\"}],\"inLanguage\":\"fr-CA\"},{\"@type\":\"Organization\",\"@id\":\"https:\/\/montycasinos.com\/fr-ca\/#organization\",\"name\":\"FR-CA\",\"url\":\"https:\/\/montycasinos.com\/fr-ca\/\",\"logo\":{\"@type\":\"ImageObject\",\"inLanguage\":\"fr-CA\",\"@id\":\"https:\/\/montycasinos.com\/fr-ca\/#\/schema\/logo\/image\/\",\"url\":\"https:\/\/montycasinos.com\/fr-ca\/wp-content\/uploads\/sites\/3\/2026\/02\/cropped-montycasinos-logo.png\",\"contentUrl\":\"https:\/\/montycasinos.com\/fr-ca\/wp-content\/uploads\/sites\/3\/2026\/02\/cropped-montycasinos-logo.png\",\"width\":267,\"height\":45,\"caption\":\"FR-CA\"},\"image\":{\"@id\":\"https:\/\/montycasinos.com\/fr-ca\/#\/schema\/logo\/image\/\"}}]}<\/script>\n<!-- \/ Yoast SEO plugin. -->","yoast_head_json":{"title":"Sitemap - FR-CA","robots":{"index":"index","follow":"follow","max-snippet":"max-snippet:-1","max-image-preview":"max-image-preview:large","max-video-preview":"max-video-preview:-1"},"canonical":"https:\/\/montycasinos.com\/fr-ca\/sitemap\/","og_type":"article","og_title":"Sitemap - FR-CA","og_description":"Sitemap","og_url":"https:\/\/montycasinos.com\/fr-ca\/sitemap\/","og_site_name":"FR-CA","article_modified_time":"2026-02-11T09:53:41+00:00","twitter_card":"summary_large_image","twitter_misc":{"Est. reading time":"1 minute"},"schema":{"@context":"https:\/\/schema.org","@graph":[{"@type":"WebPage","@id":"https:\/\/montycasinos.com\/fr-ca\/sitemap\/","url":"https:\/\/montycasinos.com\/fr-ca\/sitemap\/","name":"Sitemap - FR-CA","isPartOf":{"@id":"https:\/\/montycasinos.com\/fr-ca\/#website"},"datePublished":"2025-10-14T07:13:51+00:00","dateModified":"2026-02-11T09:53:41+00:00","breadcrumb":{"@id":"https:\/\/montycasinos.com\/fr-ca\/sitemap\/#breadcrumb"},"inLanguage":"fr-CA","potentialAction":[{"@type":"ReadAction","target":["https:\/\/montycasinos.com\/fr-ca\/sitemap\/"]}]},{"@type":"BreadcrumbList","@id":"https:\/\/montycasinos.com\/fr-ca\/sitemap\/#breadcrumb","itemListElement":[{"@type":"ListItem","position":1,"name":"Home","item":"https:\/\/montycasinos.com\/fr-ca\/"},{"@type":"ListItem","position":2,"name":"Sitemap"}]},{"@type":"WebSite","@id":"https:\/\/montycasinos.com\/fr-ca\/#website","url":"https:\/\/montycasinos.com\/fr-ca\/","name":"FR-CA","description":"","publisher":{"@id":"https:\/\/montycasinos.com\/fr-ca\/#organization"},"potentialAction":[{"@type":"SearchAction","target":{"@type":"EntryPoint","urlTemplate":"https:\/\/montycasinos.com\/fr-ca\/?s={search_term_string}"},"query-input":"required name=search_term_string"}],"inLanguage":"fr-CA"},{"@type":"Organization","@id":"https:\/\/montycasinos.com\/fr-ca\/#organization","name":"FR-CA","url":"https:\/\/montycasinos.com\/fr-ca\/","logo":{"@type":"ImageObject","inLanguage":"fr-CA","@id":"https:\/\/montycasinos.com\/fr-ca\/#\/schema\/logo\/image\/","url":"https:\/\/montycasinos.com\/fr-ca\/wp-content\/uploads\/sites\/3\/2026\/02\/cropped-montycasinos-logo.png","contentUrl":"https:\/\/montycasinos.com\/fr-ca\/wp-content\/uploads\/sites\/3\/2026\/02\/cropped-montycasinos-logo.png","width":267,"height":45,"caption":"FR-CA"},"image":{"@id":"https:\/\/montycasinos.com\/fr-ca\/#\/schema\/logo\/image\/"}}]}},"_links":{"self":[{"href":"https:\/\/montycasinos.com\/fr-ca\/wp-json\/wp\/v2\/pages\/406","targetHints":{"allow":["GET"]}}],"collection":[{"href":"https:\/\/montycasinos.com\/fr-ca\/wp-json\/wp\/v2\/pages"}],"about":[{"href":"https:\/\/montycasinos.com\/fr-ca\/wp-json\/wp\/v2\/types\/page"}],"author":[{"embeddable":true,"href":"https:\/\/montycasinos.com\/fr-ca\/wp-json\/wp\/v2\/users\/1"}],"replies":[{"embeddable":true,"href":"https:\/\/montycasinos.com\/fr-ca\/wp-json\/wp\/v2\/comments?post=406"}],"version-history":[{"count":1,"href":"https:\/\/montycasinos.com\/fr-ca\/wp-json\/wp\/v2\/pages\/406\/revisions"}],"predecessor-version":[{"id":407,"href":"https:\/\/montycasinos.com\/fr-ca\/wp-json\/wp\/v2\/pages\/406\/revisions\/407"}],"wp:attachment":[{"href":"https:\/\/montycasinos.com\/fr-ca\/wp-json\/wp\/v2\/media?parent=406"}],"curies":[{"name":"wp","href":"https:\/\/api.w.org\/{rel}","templated":true}]}}